{"id":380,"date":"2026-01-12T13:09:09","date_gmt":"2026-01-12T12:09:09","guid":{"rendered":"https:\/\/les24hdelaplume.fr\/?page_id=380"},"modified":"2026-02-16T18:59:35","modified_gmt":"2026-02-16T17:59:35","slug":"accueil","status":"publish","type":"page","link":"https:\/\/les24hdelaplume.fr\/","title":{"rendered":"Accueil"},"content":{"rendered":"\n<div class=\"wp-block-group alignfull has-raft-bg-alt-background-color has-background is-layout-constrained wp-container-core-group-is-layout-c2b63da3 wp-block-group-is-layout-constrained\" style=\"margin-top:0px;margin-bottom:0px;padding-top:var(--wp--preset--spacing--80);padding-right:var(--wp--preset--spacing--40);padding-bottom:var(--wp--preset--spacing--80);padding-left:var(--wp--preset--spacing--40)\">\n<div class=\"wp-block-group alignwide is-layout-flow wp-block-group-is-layout-flow\">\n<div class=\"wp-block-columns is-layout-flex wp-container-core-columns-is-layout-28f84493 wp-block-columns-is-layout-flex\">\n<div class=\"wp-block-column is-vertically-aligned-top is-layout-flow wp-block-column-is-layout-flow\">\n<p class=\"has-small-font-size\" style=\"font-style:normal;font-weight:600;letter-spacing:2px;text-transform:uppercase\">Sur les bords de RANCE<\/p>\n\n\n\n<h1 class=\"wp-block-heading has-text-align-left\">24h pour lib\u00e9rer sa plume !<\/h1>\n\n\n\n<p class=\"has-text-align-left\">Dans un cadre incroyable, un d\u00e9fi litt\u00e9raire adress\u00e9 \u00e0 10 auteurs pr\u00eats \u00e0 oser repousser leurs limites<\/p>\n\n\n\n<p>Prochaine \u00e9dition les 17 et 18 octobre 2026 sur les bords de Rance \u00e0 Saint-Suliac<\/p>\n\n\n\n<div class=\"wp-block-buttons is-layout-flex wp-container-core-buttons-is-layout-da267d74 wp-block-buttons-is-layout-flex\">\n<div class=\"wp-block-button\"><a class=\"wp-block-button__link wp-element-button\" href=\"https:\/\/les24hdelaplume.fr\/index.php\/plumes2026\/\">En savoir plus<\/a><\/div>\n\n\n\n<div class=\"wp-block-button is-style-outline is-style-outline--1\"><a class=\"wp-block-button__link wp-element-button\" href=\"https:\/\/les24hdelaplume.fr\/index.php\/plumes2025\/\">Edition 2025<\/a><\/div>\n<\/div>\n<\/div>\n\n\n\n<div class=\"wp-block-column is-layout-flow wp-block-column-is-layout-flow\">\n<figure class=\"wp-block-image size-medium wp-duotone-f7b81c-fdfdfd-2\"><img data-opt-id=519182854  fetchpriority=\"high\" decoding=\"async\" width=\"300\" height=\"300\" src=\"https:\/\/mlimun0ssf1v.i.optimole.com\/cb:iu9o.e3c\/w:300\/h:300\/q:mauto\/f:best\/http:\/\/les24hdelaplume.fr\/wp-content\/uploads\/2026\/02\/logo24hdelaplume.png\" alt=\"\" class=\"wp-image-469\" style=\"aspect-ratio:1;object-fit:contain\" srcset=\"https:\/\/mlimun0ssf1v.i.optimole.com\/cb:iu9o.e3c\/w:300\/h:300\/q:mauto\/f:best\/https:\/\/les24hdelaplume.fr\/wp-content\/uploads\/2026\/02\/logo24hdelaplume.png 300w, https:\/\/mlimun0ssf1v.i.optimole.com\/cb:iu9o.e3c\/w:150\/h:150\/q:mauto\/f:best\/https:\/\/les24hdelaplume.fr\/wp-content\/uploads\/2026\/02\/logo24hdelaplume.png 150w, https:\/\/mlimun0ssf1v.i.optimole.com\/cb:iu9o.e3c\/w:593\/h:593\/q:mauto\/f:best\/https:\/\/les24hdelaplume.fr\/wp-content\/uploads\/2026\/02\/logo24hdelaplume.png 593w\" sizes=\"(max-width: 300px) 100vw, 300px\" \/><\/figure>\n<\/div>\n<\/div>\n<\/div>\n<\/div>\n\n\n\n<div class=\"wp-block-group alignfull has-raft-fg-alt-color has-text-color has-background has-link-color wp-elements-583633a87a624d71bf5a6fa1268f455d is-layout-constrained wp-container-core-group-is-layout-5be2cbe1 wp-block-group-is-layout-constrained\" style=\"background-color:#e5f2ff;margin-top:0;margin-bottom:0;padding-top:var(--wp--preset--spacing--80);padding-right:var(--wp--preset--spacing--40);padding-bottom:var(--wp--preset--spacing--80);padding-left:var(--wp--preset--spacing--40)\">\n<div class=\"wp-block-columns alignwide has-raft-bg-color has-text-color has-link-color wp-elements-d16eca36addbb6088137ddcd92394fda is-layout-flex wp-container-core-columns-is-layout-08c01c1c wp-block-columns-is-layout-flex\">\n<div class=\"wp-block-column is-layout-flow wp-container-core-column-is-layout-1854fbe9 wp-block-column-is-layout-flow\" style=\"border-top-style:none;border-top-width:0px;border-right-style:none;border-right-width:0px;border-bottom-style:none;border-bottom-width:0px;border-left-width:4px;padding-left:var(--wp--preset--spacing--40)\">\n<div class=\"wp-block-group is-nowrap is-layout-flex wp-container-core-group-is-layout-6c531013 wp-block-group-is-layout-flex\">\n<figure class=\"wp-block-image size-full is-resized\"><img data-opt-id=1406840636  fetchpriority=\"high\" decoding=\"async\" width=\"512\" height=\"512\" src=\"https:\/\/mlimun0ssf1v.i.optimole.com\/cb:iu9o.e3c\/w:auto\/h:auto\/q:mauto\/f:best\/https:\/\/les24hdelaplume.fr\/wp-content\/uploads\/2025\/10\/la-creativite.png\" alt=\"\" class=\"wp-image-179\" style=\"width:60px\" srcset=\"https:\/\/mlimun0ssf1v.i.optimole.com\/cb:iu9o.e3c\/w:512\/h:512\/q:mauto\/f:best\/https:\/\/les24hdelaplume.fr\/wp-content\/uploads\/2025\/10\/la-creativite.png 512w, https:\/\/mlimun0ssf1v.i.optimole.com\/cb:iu9o.e3c\/w:300\/h:300\/q:mauto\/f:best\/https:\/\/les24hdelaplume.fr\/wp-content\/uploads\/2025\/10\/la-creativite.png 300w, https:\/\/mlimun0ssf1v.i.optimole.com\/cb:iu9o.e3c\/w:150\/h:150\/q:mauto\/f:best\/https:\/\/les24hdelaplume.fr\/wp-content\/uploads\/2025\/10\/la-creativite.png 150w\" sizes=\"(max-width: 512px) 100vw, 512px\" \/><\/figure>\n\n\n\n<h3 class=\"wp-block-heading has-text-align-left has-raft-bg-color has-text-color has-link-color has-medium-font-size wp-elements-1e24ecdada2d75aa207c7bcedc8573ec\">Stimuler sa cr\u00e9ativit\u00e9<\/h3>\n<\/div>\n\n\n\n<p class=\"has-text-align-left has-raft-bg-color has-text-color has-link-color wp-elements-4dcfadcab1d914c5dc85876f346fa16d\">S\u2019impr\u00e9gner de la douceur des bords de Rance \u00e0 l\u2019\u00e9coute de ses sens<\/p>\n\n\n\n<p>Participer \u00e0 un atelier pour entrer dans sa bulle<\/p>\n\n\n\n<p class=\"has-text-align-left has-raft-bg-color has-text-color has-link-color wp-elements-52b04ca316ea6a88c79efb0ccc994b7a\">D\u00e9couvrir et adopter des techniques d\u2019inspiration<\/p>\n\n\n\n<p>S\u2019inspirer de l\u2019\u00e9nergie cr\u00e9atrice du collectif<\/p>\n<\/div>\n\n\n\n<div class=\"wp-block-column has-raft-bg-color has-text-color has-link-color wp-elements-94b12c0fc96627777907e446a7875c67 is-layout-flow wp-container-core-column-is-layout-1854fbe9 wp-block-column-is-layout-flow\" style=\"border-top-style:none;border-top-width:0px;border-right-style:none;border-right-width:0px;border-bottom-style:none;border-bottom-width:0px;border-left-width:4px;padding-left:var(--wp--preset--spacing--40)\">\n<div class=\"wp-block-group is-nowrap is-layout-flex wp-container-core-group-is-layout-6c531013 wp-block-group-is-layout-flex\">\n<figure class=\"wp-block-image size-full is-resized\"><img data-opt-id=1539949313  data-opt-src=\"https:\/\/mlimun0ssf1v.i.optimole.com\/cb:iu9o.e3c\/w:auto\/h:auto\/q:mauto\/f:best\/https:\/\/les24hdelaplume.fr\/wp-content\/uploads\/2025\/10\/compteur-de-vitesse.png\"  decoding=\"async\" width=\"512\" height=\"512\" src=\"data:image/svg+xml,%3Csvg%20viewBox%3D%220%200%20100%%20100%%22%20width%3D%22100%%22%20height%3D%22100%%22%20xmlns%3D%22http%3A%2F%2Fwww.w3.org%2F2000%2Fsvg%22%3E%3Crect%20width%3D%22100%%22%20height%3D%22100%%22%20fill%3D%22transparent%22%2F%3E%3C%2Fsvg%3E\" alt=\"\" class=\"wp-image-183\" style=\"width:60px\" old-srcset=\"https:\/\/mlimun0ssf1v.i.optimole.com\/cb:iu9o.e3c\/w:512\/h:512\/q:mauto\/f:best\/https:\/\/les24hdelaplume.fr\/wp-content\/uploads\/2025\/10\/compteur-de-vitesse.png 512w, https:\/\/mlimun0ssf1v.i.optimole.com\/cb:iu9o.e3c\/w:300\/h:300\/q:mauto\/f:best\/https:\/\/les24hdelaplume.fr\/wp-content\/uploads\/2025\/10\/compteur-de-vitesse.png 300w, https:\/\/mlimun0ssf1v.i.optimole.com\/cb:iu9o.e3c\/w:150\/h:150\/q:mauto\/f:best\/https:\/\/les24hdelaplume.fr\/wp-content\/uploads\/2025\/10\/compteur-de-vitesse.png 150w\" \/><\/figure>\n\n\n\n<h3 class=\"wp-block-heading has-text-align-left has-raft-bg-color has-text-color has-link-color has-medium-font-size wp-elements-fa7b41afa09d18131207a15dab9afb9b\">Acc\u00e9l\u00e9rer son projet<\/h3>\n<\/div>\n\n\n\n<p>Initier ou acc\u00e9l\u00e9rer un projet d\u2019\u00e9criture gr\u00e2ce \u00e0 un temps d\u00e9di\u00e9 et accompagn\u00e9<\/p>\n\n\n\n<p>Trouver de l\u2019aide pour identifier ses blocages, les lever, les surmonter durablement<\/p>\n\n\n\n<p>Puiser dans la motivation du groupe pour tirer le meilleur de soi-m\u00eame<\/p>\n<\/div>\n\n\n\n<div class=\"wp-block-column is-layout-flow wp-container-core-column-is-layout-1854fbe9 wp-block-column-is-layout-flow\" style=\"border-top-style:none;border-top-width:0px;border-right-style:none;border-right-width:0px;border-bottom-style:none;border-bottom-width:0px;border-left-width:4px;padding-left:var(--wp--preset--spacing--40)\">\n<div class=\"wp-block-group is-nowrap is-layout-flex wp-container-core-group-is-layout-6c531013 wp-block-group-is-layout-flex\">\n<figure class=\"wp-block-image size-full is-resized\"><img data-opt-id=1526592540  data-opt-src=\"https:\/\/mlimun0ssf1v.i.optimole.com\/cb:iu9o.e3c\/w:auto\/h:auto\/q:mauto\/f:best\/https:\/\/les24hdelaplume.fr\/wp-content\/uploads\/2025\/10\/service.png\"  decoding=\"async\" width=\"512\" height=\"512\" src=\"data:image/svg+xml,%3Csvg%20viewBox%3D%220%200%20100%%20100%%22%20width%3D%22100%%22%20height%3D%22100%%22%20xmlns%3D%22http%3A%2F%2Fwww.w3.org%2F2000%2Fsvg%22%3E%3Crect%20width%3D%22100%%22%20height%3D%22100%%22%20fill%3D%22transparent%22%2F%3E%3C%2Fsvg%3E\" alt=\"\" class=\"wp-image-181\" style=\"width:60px\" old-srcset=\"https:\/\/mlimun0ssf1v.i.optimole.com\/cb:iu9o.e3c\/w:512\/h:512\/q:mauto\/f:best\/https:\/\/les24hdelaplume.fr\/wp-content\/uploads\/2025\/10\/service.png 512w, https:\/\/mlimun0ssf1v.i.optimole.com\/cb:iu9o.e3c\/w:300\/h:300\/q:mauto\/f:best\/https:\/\/les24hdelaplume.fr\/wp-content\/uploads\/2025\/10\/service.png 300w, https:\/\/mlimun0ssf1v.i.optimole.com\/cb:iu9o.e3c\/w:150\/h:150\/q:mauto\/f:best\/https:\/\/les24hdelaplume.fr\/wp-content\/uploads\/2025\/10\/service.png 150w\" \/><\/figure>\n\n\n\n<h3 class=\"wp-block-heading has-text-align-left has-raft-bg-color has-text-color has-link-color has-medium-font-size wp-elements-1978a3a88cbc92cd8f8f2d8e6ab41de3\">Renforcer sa technique<\/h3>\n<\/div>\n\n\n\n<p class=\"has-text-align-left has-raft-bg-color has-text-color has-link-color wp-elements-5800a53cf23cd3cc54a222cc436c982c\">B\u00e9n\u00e9ficier des conseils personnalis\u00e9s d&rsquo;un auteur reconnu<\/p>\n\n\n\n<p>S\u2019outiller pour concevoir une intrigue, cr\u00e9er des personnages, am\u00e9liorer son style&#8230;<\/p>\n\n\n\n<p>Echanger ses bonnes pratiques avec ses pairs lors des moments de convivialit\u00e9<\/p>\n<\/div>\n<\/div>\n<\/div>\n\n\n\n<div class=\"wp-block-group alignfull is-layout-constrained wp-container-core-group-is-layout-73eab25f wp-block-group-is-layout-constrained\" style=\"margin-top:0;margin-bottom:0;padding-top:var(--wp--preset--spacing--80);padding-right:var(--wp--preset--spacing--40);padding-bottom:var(--wp--preset--spacing--80);padding-left:var(--wp--preset--spacing--40)\">\n<h2 id=\"wp-block-themeisle-blocks-advanced-heading-dec03005\" class=\"wp-block-themeisle-blocks-advanced-heading wp-block-themeisle-blocks-advanced-heading-dec03005\">Le temps d\u2019un week-end pour \u00e9crire&#8230;<\/h2>\n\n\n\n<p class=\"has-text-align-center\">Roman, nouvelle, th\u00e9\u00e2tre, conte, po\u00e9sie, autobiographie&#8230;<br>de la page blanche \u00e0 l\u2019oeuvre qui se termine,<br>que vous soyez auteur initi\u00e9 ou confirm\u00e9, donnez du temps \u00e0 votre plume.<\/p>\n\n\n\n<div class=\"wp-block-columns alignwide is-layout-flex wp-container-core-columns-is-layout-47c06fe3 wp-block-columns-is-layout-flex\">\n<div class=\"wp-block-column is-layout-flow wp-block-column-is-layout-flow\">\n<div class=\"wp-block-group is-nowrap is-layout-flex wp-container-core-group-is-layout-6c531013 wp-block-group-is-layout-flex\">\n<figure class=\"wp-block-image size-full\"><img data-opt-id=2096728954  data-opt-src=\"https:\/\/mlimun0ssf1v.i.optimole.com\/cb:iu9o.e3c\/w:auto\/h:auto\/q:mauto\/f:best\/http:\/\/les24hdelaplume.fr\/wp-content\/uploads\/2025\/10\/saint-suliac.png\"  decoding=\"async\" width=\"800\" height=\"219\" src=\"data:image/svg+xml,%3Csvg%20viewBox%3D%220%200%20100%%20100%%22%20width%3D%22100%%22%20height%3D%22100%%22%20xmlns%3D%22http%3A%2F%2Fwww.w3.org%2F2000%2Fsvg%22%3E%3Crect%20width%3D%22100%%22%20height%3D%22100%%22%20fill%3D%22transparent%22%2F%3E%3C%2Fsvg%3E\" alt=\"\" class=\"wp-image-143\" old-srcset=\"https:\/\/mlimun0ssf1v.i.optimole.com\/cb:iu9o.e3c\/w:800\/h:219\/q:mauto\/f:best\/https:\/\/les24hdelaplume.fr\/wp-content\/uploads\/2025\/10\/saint-suliac.png 800w, https:\/\/mlimun0ssf1v.i.optimole.com\/cb:iu9o.e3c\/w:300\/h:82\/q:mauto\/f:best\/https:\/\/les24hdelaplume.fr\/wp-content\/uploads\/2025\/10\/saint-suliac.png 300w, https:\/\/mlimun0ssf1v.i.optimole.com\/cb:iu9o.e3c\/w:768\/h:210\/q:mauto\/f:best\/https:\/\/les24hdelaplume.fr\/wp-content\/uploads\/2025\/10\/saint-suliac.png 768w\" \/><\/figure>\n<\/div>\n\n\n\n<p>A Saint-Suliac, dans l\u2019ambiance chaleureuse du tiers-lieu le Grand-banc, ancienne \u00e9cole au centre du village superbement r\u00e9nov\u00e9e.<\/p>\n<\/div>\n\n\n\n<div class=\"wp-block-column is-vertically-aligned-center is-layout-flow wp-block-column-is-layout-flow\">\n<figure class=\"wp-block-image size-full\"><img data-opt-id=1629834790  data-opt-src=\"https:\/\/mlimun0ssf1v.i.optimole.com\/cb:iu9o.e3c\/w:auto\/h:auto\/q:mauto\/f:best\/https:\/\/les24hdelaplume.fr\/wp-content\/uploads\/2025\/10\/687f4ff72579d273cc004df5.webp\"  decoding=\"async\" width=\"500\" height=\"313\" src=\"data:image/svg+xml,%3Csvg%20viewBox%3D%220%200%20100%%20100%%22%20width%3D%22100%%22%20height%3D%22100%%22%20xmlns%3D%22http%3A%2F%2Fwww.w3.org%2F2000%2Fsvg%22%3E%3Crect%20width%3D%22100%%22%20height%3D%22100%%22%20fill%3D%22transparent%22%2F%3E%3C%2Fsvg%3E\" alt=\"\" class=\"wp-image-186\" old-srcset=\"https:\/\/mlimun0ssf1v.i.optimole.com\/cb:iu9o.e3c\/w:500\/h:313\/q:mauto\/f:best\/https:\/\/les24hdelaplume.fr\/wp-content\/uploads\/2025\/10\/687f4ff72579d273cc004df5.webp 500w, https:\/\/mlimun0ssf1v.i.optimole.com\/cb:iu9o.e3c\/w:300\/h:188\/q:mauto\/f:best\/https:\/\/les24hdelaplume.fr\/wp-content\/uploads\/2025\/10\/687f4ff72579d273cc004df5.webp 300w\" \/><\/figure>\n<\/div>\n<\/div>\n<\/div>\n\n\n\n<div class=\"wp-block-group alignfull has-raft-fg-alt-color has-text-color has-background has-link-color wp-elements-f8ffe3892486658394e9e706e251892e is-layout-constrained wp-container-core-group-is-layout-5be2cbe1 wp-block-group-is-layout-constrained\" style=\"background-color:#e5f2ff;margin-top:0;margin-bottom:0;padding-top:var(--wp--preset--spacing--80);padding-right:var(--wp--preset--spacing--40);padding-bottom:var(--wp--preset--spacing--80);padding-left:var(--wp--preset--spacing--40)\">\n<p class=\"has-raft-bg-color has-text-color has-link-color has-medium-font-size wp-elements-bbc9cf3a865bdcd05ae261ec9cf91d9b\">Les temps forts de l\u2019\u00e9v\u00e9nement<\/p>\n\n\n\n<div id=\"wp-block-themeisle-blocks-timeline-4f906785\" class=\"wp-block-themeisle-blocks-timeline\"><div class=\"o-timeline-root\">\n<div id=\"wp-block-themeisle-blocks-timeline-item-3ce07690\" class=\"wp-block-themeisle-blocks-timeline-item\"><div class=\"o-timeline-container\"><div class=\"o-timeline-icon\"><i class=\"fas fa-circle\"><\/i><\/div><div class=\"o-timeline-content\">\n<p class=\"has-raft-fg-alt-color has-text-color has-link-color wp-elements-86badd328de85150409634cead56e865\">Samedi<\/p>\n\n\n\n<ul class=\"wp-block-list has-raft-fg-alt-color has-text-color has-link-color wp-elements-afe9558d96a20e7eb2ebd78bdf4db36f\">\n<li class=\"has-raft-fg-color has-text-color has-link-color has-small-font-size wp-elements-ecea36da35d7ef1bcce7d921a5811541\">9h &#8211; Accueil des auteurs<\/li>\n\n\n\n<li class=\"has-raft-fg-color has-text-color has-link-color has-small-font-size wp-elements-8291432e519fac2a15e098f9cba2f51f\">10h30 &#8211; Visite inspiratoire<\/li>\n\n\n\n<li class=\"has-raft-fg-color has-text-color has-link-color has-small-font-size wp-elements-b42ef38cfdb10dff8ff8d1b0e4bc7f2e\">13h15 &#8211; Atelier cr\u00e9atif<\/li>\n\n\n\n<li class=\"has-raft-fg-color has-text-color has-link-color has-small-font-size wp-elements-2adddbf5126f4cf1c6eb0fccdc07f860\">14h30 &#8211; Lancement des 24h<\/li>\n<\/ul>\n<\/div><\/div><\/div>\n\n\n\n<div id=\"wp-block-themeisle-blocks-timeline-item-0498e628\" class=\"wp-block-themeisle-blocks-timeline-item\"><div class=\"o-timeline-container\"><div class=\"o-timeline-icon\"><i class=\"fas fa-circle\"><\/i><\/div><div class=\"o-timeline-content\">\n<p class=\"has-raft-fg-alt-color has-text-color has-link-color has-normal-font-size wp-elements-98294932026e9b436a567503019426a1\">Logistique<\/p>\n\n\n\n<ul class=\"wp-block-list\">\n<li class=\"has-raft-fg-alt-color has-text-color has-link-color has-small-font-size wp-elements-5689970fb2ac4f78706dc672c01e6e65\">Repas conviviaux dans la cuisine partag\u00e9e<\/li>\n\n\n\n<li class=\"has-raft-fg-alt-color has-text-color has-link-color has-small-font-size wp-elements-ea3fb9acc55c23589adc0d933e2867f0\">Logement sur place pour les temps de repos<\/li>\n<\/ul>\n<\/div><\/div><\/div>\n\n\n\n<div id=\"wp-block-themeisle-blocks-timeline-item-2e054667\" class=\"wp-block-themeisle-blocks-timeline-item\"><div class=\"o-timeline-container\"><div class=\"o-timeline-icon\"><i class=\"fas fa-circle\"><\/i><\/div><div class=\"o-timeline-content\">\n<p class=\"has-raft-fg-alt-color has-text-color has-link-color wp-elements-f067f55a9607183277edb0dd53ce00e9\">Dimanche<\/p>\n\n\n\n<ul class=\"wp-block-list\">\n<li class=\"has-raft-fg-alt-color has-text-color has-link-color has-small-font-size wp-elements-e819bc2a1d6685e0391604cc96220293\">10h &#8211; Remise des extraits<\/li>\n\n\n\n<li class=\"has-raft-fg-alt-color has-text-color has-link-color has-small-font-size wp-elements-efc4a2af22a06abc833fe00d6b4891f4\">14h30 &#8211; Fin des 24h<\/li>\n<\/ul>\n<\/div><\/div><\/div>\n\n\n\n<div id=\"wp-block-themeisle-blocks-timeline-item-c39bad56\" class=\"wp-block-themeisle-blocks-timeline-item\"><div class=\"o-timeline-container\"><div class=\"o-timeline-icon\"><i class=\"fas fa-circle\"><\/i><\/div><div class=\"o-timeline-content\">\n<p class=\"has-raft-fg-alt-color has-text-color has-link-color has-normal-font-size wp-elements-adac51686ebb3f05554038f5beddbe0b\">Dimanche, en public<\/p>\n\n\n\n<ul class=\"wp-block-list\">\n<li class=\"has-raft-fg-alt-color has-text-color has-link-color has-small-font-size wp-elements-1e31fc33c02e683a233a3960acff0090\">15h30 &#8211; Lecture des extraits<\/li>\n\n\n\n<li class=\"has-raft-fg-alt-color has-text-color has-link-color has-small-font-size wp-elements-5c0006dbb87dcb314266b57f954af1a6\">17h &#8211; Cl\u00f4ture de l\u2019\u00e9v\u00e9nement<\/li>\n<\/ul>\n<\/div><\/div><\/div>\n<\/div><\/div>\n<\/div>\n\n\n\n<div class=\"wp-block-group alignfull has-raft-accent-background-color has-background is-layout-constrained wp-container-core-group-is-layout-73eab25f wp-block-group-is-layout-constrained\" style=\"margin-top:0;margin-bottom:0;padding-top:var(--wp--preset--spacing--80);padding-right:var(--wp--preset--spacing--40);padding-bottom:var(--wp--preset--spacing--80);padding-left:var(--wp--preset--spacing--40)\">\n<div class=\"wp-block-group alignwide is-layout-flow wp-container-core-group-is-layout-19eabfb7 wp-block-group-is-layout-flow\">\n<div class=\"wp-block-group is-nowrap is-layout-flex wp-container-core-group-is-layout-6c531013 wp-block-group-is-layout-flex\">\n<figure class=\"wp-block-image aligncenter size-large is-resized has-custom-border\"><img data-opt-id=1491232357  data-opt-src=\"https:\/\/mlimun0ssf1v.i.optimole.com\/cb:iu9o.e3c\/w:1024\/h:891\/q:mauto\/f:best\/https:\/\/les24hdelaplume.fr\/wp-content\/uploads\/2025\/10\/20240805_115408.jpg\"  decoding=\"async\" width=\"1024\" height=\"891\" src=\"data:image/svg+xml,%3Csvg%20viewBox%3D%220%200%201024%20891%22%20width%3D%221024%22%20height%3D%22891%22%20xmlns%3D%22http%3A%2F%2Fwww.w3.org%2F2000%2Fsvg%22%3E%3Crect%20width%3D%221024%22%20height%3D%22891%22%20fill%3D%22transparent%22%2F%3E%3C%2Fsvg%3E\" alt=\"\" class=\"wp-image-286\" style=\"border-radius:100px;aspect-ratio:1;object-fit:cover;width:120px\" old-srcset=\"https:\/\/mlimun0ssf1v.i.optimole.com\/cb:iu9o.e3c\/w:1024\/h:891\/q:mauto\/f:best\/https:\/\/les24hdelaplume.fr\/wp-content\/uploads\/2025\/10\/20240805_115408.jpg 1024w, https:\/\/mlimun0ssf1v.i.optimole.com\/cb:iu9o.e3c\/w:300\/h:261\/q:mauto\/f:best\/https:\/\/les24hdelaplume.fr\/wp-content\/uploads\/2025\/10\/20240805_115408.jpg 300w, https:\/\/mlimun0ssf1v.i.optimole.com\/cb:iu9o.e3c\/w:768\/h:668\/q:mauto\/f:best\/https:\/\/les24hdelaplume.fr\/wp-content\/uploads\/2025\/10\/20240805_115408.jpg 768w, https:\/\/mlimun0ssf1v.i.optimole.com\/cb:iu9o.e3c\/w:1536\/h:1337\/q:mauto\/f:best\/https:\/\/les24hdelaplume.fr\/wp-content\/uploads\/2025\/10\/20240805_115408.jpg 1536w, https:\/\/mlimun0ssf1v.i.optimole.com\/cb:iu9o.e3c\/w:1673\/h:1456\/q:mauto\/f:best\/https:\/\/les24hdelaplume.fr\/wp-content\/uploads\/2025\/10\/20240805_115408.jpg 1673w\" \/><\/figure>\n\n\n\n<p class=\"has-text-align-center has-raft-bg-color has-text-color has-link-color has-medium-font-size wp-elements-85942365d23b761e880d1fa6f7da5062\">&nbsp;\u00ab&nbsp;Ce week-end hors du temps \u00e9tait vraiment tr\u00e8s chouette, motivant, encourageant, \u00e9nergisant\u2026<br>Ecrire la nuit, \u00e0 plusieurs\u2026 quelle magie ! \u00bb<\/p>\n<\/div>\n\n\n\n<p class=\"has-text-align-center has-raft-bg-color has-text-color has-link-color has-small-font-size wp-elements-e6145d4256949d2caa9bbac1cdc9ca3b\" style=\"font-style:normal;font-weight:600;letter-spacing:2px;text-transform:uppercase\">c\u00e9cile pETITJEAN<br>AUTeurE DES 24H de la PLUME 2025<\/p>\n<\/div>\n<\/div>\n","protected":false},"excerpt":{"rendered":"<p>Sur les bords de RANCE 24h pour lib\u00e9rer sa plume ! Dans un cadre incroyable, un d\u00e9fi litt\u00e9raire adress\u00e9 \u00e0 10 auteurs pr\u00eats \u00e0 oser repousser leurs limites Prochaine \u00e9dition les 17 et 18 octobre 2026 sur les bords de Rance \u00e0 Saint-Suliac Stimuler sa cr\u00e9ativit\u00e9 S\u2019impr\u00e9gner de la douceur des bords de Rance \u00e0 [&hellip;]<\/p>\n","protected":false},"author":1,"featured_media":0,"parent":0,"menu_order":0,"comment_status":"closed","ping_status":"closed","template":"","meta":{"_themeisle_gutenberg_block_has_review":false,"footnotes":""},"class_list":["post-380","page","type-page","status-publish","hentry"],"_links":{"self":[{"href":"https:\/\/les24hdelaplume.fr\/index.php\/wp-json\/wp\/v2\/pages\/380","targetHints":{"allow":["GET"]}}],"collection":[{"href":"https:\/\/les24hdelaplume.fr\/index.php\/wp-json\/wp\/v2\/pages"}],"about":[{"href":"https:\/\/les24hdelaplume.fr\/index.php\/wp-json\/wp\/v2\/types\/page"}],"author":[{"embeddable":true,"href":"https:\/\/les24hdelaplume.fr\/index.php\/wp-json\/wp\/v2\/users\/1"}],"replies":[{"embeddable":true,"href":"https:\/\/les24hdelaplume.fr\/index.php\/wp-json\/wp\/v2\/comments?post=380"}],"version-history":[{"count":32,"href":"https:\/\/les24hdelaplume.fr\/index.php\/wp-json\/wp\/v2\/pages\/380\/revisions"}],"predecessor-version":[{"id":487,"href":"https:\/\/les24hdelaplume.fr\/index.php\/wp-json\/wp\/v2\/pages\/380\/revisions\/487"}],"wp:attachment":[{"href":"https:\/\/les24hdelaplume.fr\/index.php\/wp-json\/wp\/v2\/media?parent=380"}],"curies":[{"name":"wp","href":"https:\/\/api.w.org\/{rel}","templated":true}]}}