{"id":231,"date":"2025-10-31T21:48:33","date_gmt":"2025-10-31T20:48:33","guid":{"rendered":"https:\/\/les24hdelaplume.fr\/?page_id=231"},"modified":"2026-01-12T12:22:38","modified_gmt":"2026-01-12T11:22:38","slug":"plumes2026","status":"publish","type":"page","link":"https:\/\/les24hdelaplume.fr\/index.php\/plumes2026\/","title":{"rendered":"Les Plumes 2026"},"content":{"rendered":"\n<p>Forts du succ\u00e8s de la premi\u00e8re \u00e9dition en 2025, nous pr\u00e9parons la suivante qui se tiendra les <strong>17 et 18 octobre 2026 \u00e0 Saint-Suliac<\/strong>.<br><\/p>\n\n\n\n<div style=\"height:26px\" aria-hidden=\"true\" class=\"wp-block-spacer\"><\/div>\n\n\n\n<p>Un peu de patience ; )<\/p>\n\n\n\n<div id=\"wp-block-themeisle-blocks-countdown-d8a19d66\" data-date=\"2026-10-17T10:00:00\" class=\"wp-block-themeisle-blocks-countdown\"><div class=\"otter-countdown__container\"><div class=\"otter-countdown__display\"><div name=\"day\" class=\"otter-countdown__display-area is-main-component\"><div class=\"otter-countdown__value\">0<\/div><div class=\"otter-countdown__label\">Day<\/div><\/div><div name=\"hour\" class=\"otter-countdown__display-area is-main-component\"><div class=\"otter-countdown__value\">0<\/div><div class=\"otter-countdown__label\">Hour<\/div><\/div><div name=\"minute\" class=\"otter-countdown__display-area is-main-component\"><div class=\"otter-countdown__value\">0<\/div><div class=\"otter-countdown__label\">Minute<\/div><\/div><\/div><\/div><\/div>\n\n\n\n<div style=\"height:48px\" aria-hidden=\"true\" class=\"wp-block-spacer\"><\/div>\n\n\n\n<p>Les inscriptions ouvriront le 1er juin pour les personnes n\u2019ayant jamais particip\u00e9 \u00e0 l\u2019\u00e9v\u00e9nement et le 1er ao\u00fbt pour les plumes des ann\u00e9es pr\u00e9c\u00e9dentes souhaitant r\u00e9it\u00e9rer l\u2019exploit.<\/p>\n\n\n\n<p>Si vous souhaitez vous tenir inform\u00e9(e) par mail de l\u2019ouverture des inscriptions, n\u2019h\u00e9sitez pas \u00e0 nous \u00e9crire via notre <a href=\"https:\/\/les24hdelaplume.fr\/index.php\/contactez-nous\/\" data-type=\"page\" data-id=\"235\">formulaire de contact<\/a>.<\/p>\n\n\n\n<p class=\"has-text-align-right\">A bient\u00f4t&#8230;<\/p>\n\n\n\n<p><\/p>\n","protected":false},"excerpt":{"rendered":"<p>Forts du succ\u00e8s de la premi\u00e8re \u00e9dition en 2025, nous pr\u00e9parons la suivante qui se tiendra les 17 et 18 octobre 2026 \u00e0 Saint-Suliac. Un peu de patience ; ) Les inscriptions ouvriront le 1er juin pour les personnes n\u2019ayant jamais particip\u00e9 \u00e0 l\u2019\u00e9v\u00e9nement et le 1er ao\u00fbt pour les plumes des ann\u00e9es pr\u00e9c\u00e9dentes souhaitant [&hellip;]<\/p>\n","protected":false},"author":1,"featured_media":0,"parent":0,"menu_order":0,"comment_status":"closed","ping_status":"closed","template":"","meta":{"_themeisle_gutenberg_block_has_review":false,"footnotes":""},"class_list":["post-231","page","type-page","status-publish","hentry"],"_links":{"self":[{"href":"https:\/\/les24hdelaplume.fr\/index.php\/wp-json\/wp\/v2\/pages\/231","targetHints":{"allow":["GET"]}}],"collection":[{"href":"https:\/\/les24hdelaplume.fr\/index.php\/wp-json\/wp\/v2\/pages"}],"about":[{"href":"https:\/\/les24hdelaplume.fr\/index.php\/wp-json\/wp\/v2\/types\/page"}],"author":[{"embeddable":true,"href":"https:\/\/les24hdelaplume.fr\/index.php\/wp-json\/wp\/v2\/users\/1"}],"replies":[{"embeddable":true,"href":"https:\/\/les24hdelaplume.fr\/index.php\/wp-json\/wp\/v2\/comments?post=231"}],"version-history":[{"count":10,"href":"https:\/\/les24hdelaplume.fr\/index.php\/wp-json\/wp\/v2\/pages\/231\/revisions"}],"predecessor-version":[{"id":375,"href":"https:\/\/les24hdelaplume.fr\/index.php\/wp-json\/wp\/v2\/pages\/231\/revisions\/375"}],"wp:attachment":[{"href":"https:\/\/les24hdelaplume.fr\/index.php\/wp-json\/wp\/v2\/media?parent=231"}],"curies":[{"name":"wp","href":"https:\/\/api.w.org\/{rel}","templated":true}]}}