{"id":217,"date":"2025-10-23T14:50:57","date_gmt":"2025-10-23T14:50:57","guid":{"rendered":"https:\/\/les24hdelaplume.fr\/?page_id=217"},"modified":"2025-11-06T14:44:54","modified_gmt":"2025-11-06T13:44:54","slug":"plumes2025","status":"publish","type":"page","link":"https:\/\/les24hdelaplume.fr\/index.php\/plumes2025\/","title":{"rendered":"Les Plumes 2025"},"content":{"rendered":"\n<div class=\"wp-block-group is-vertical is-layout-flex wp-container-core-group-is-layout-fe9cc265 wp-block-group-is-layout-flex\">\n<h2 class=\"wp-block-heading\">18 et 19 octobre<\/h2>\n\n\n\n<p id=\"block-c85f4d3e-0647-48eb-84fd-ceaea5decbfe\">L\u2019\u00e9dition 2025 des 24h de la Plume a r\u00e9uni 12 auteurs :<br>Isabelle Rio, S\u00e9verine Rosaire, Jean-Pierre Langlais, Gwendoline Ecaille, Julien Laoche, C\u00e9cile Petitjean, Emilie Fran\u00e7ois, Claire Brousse, C\u00e9cile De Smet, R\u00e9jane Transon, Camille Maison et Sophie Guilloteau ont os\u00e9 relever le d\u00e9fi des 24h d\u2019\u00e9criture.<\/p>\n\n\n\n<figure class=\"wp-block-image size-large\"><img data-opt-id=237334216  fetchpriority=\"high\" decoding=\"async\" width=\"1024\" height=\"449\" src=\"https:\/\/mlimun0ssf1v.i.optimole.com\/cb:iu9o.e3c\/w:1024\/h:449\/q:mauto\/f:best\/http:\/\/les24hdelaplume.fr\/wp-content\/uploads\/2025\/10\/po02019-1.jpg\" alt=\"\" class=\"wp-image-141\" srcset=\"https:\/\/mlimun0ssf1v.i.optimole.com\/cb:iu9o.e3c\/w:1024\/h:449\/q:mauto\/f:best\/https:\/\/les24hdelaplume.fr\/wp-content\/uploads\/2025\/10\/po02019-1-scaled.jpg 1024w, https:\/\/mlimun0ssf1v.i.optimole.com\/cb:iu9o.e3c\/w:300\/h:132\/q:mauto\/f:best\/https:\/\/les24hdelaplume.fr\/wp-content\/uploads\/2025\/10\/po02019-1-scaled.jpg 300w, https:\/\/mlimun0ssf1v.i.optimole.com\/cb:iu9o.e3c\/w:768\/h:337\/q:mauto\/f:best\/https:\/\/les24hdelaplume.fr\/wp-content\/uploads\/2025\/10\/po02019-1-scaled.jpg 768w, https:\/\/mlimun0ssf1v.i.optimole.com\/cb:iu9o.e3c\/w:1536\/h:674\/q:mauto\/f:best\/https:\/\/les24hdelaplume.fr\/wp-content\/uploads\/2025\/10\/po02019-1-scaled.jpg 1536w, https:\/\/mlimun0ssf1v.i.optimole.com\/cb:iu9o.e3c\/w:1920\/h:842\/q:mauto\/f:best\/https:\/\/les24hdelaplume.fr\/wp-content\/uploads\/2025\/10\/po02019-1-scaled.jpg 2048w\" sizes=\"(max-width: 1000px) 100vw, 1000px\" \/><\/figure>\n\n\n\n<p class=\"has-text-align-left\"><em>Photo : Nathalie sonne le gong pour lancer le d\u00e9fi samedi 18 octobre \u00e0 14h34 <\/em><\/p>\n\n\n\n<p id=\"block-c132b3df-045e-46ff-acd8-6147f6ab3644\">L\u2019\u00e9v\u00e9nement s\u2019est conclu par la lecture publique des extraits choisis par les auteurs pour illustrer leur cr\u00e9ation \u00e0 l\u2019issue des 24h.<\/p>\n\n\n\n<p id=\"block-983273f5-e458-4ac5-b612-88f6b6c0bc51\">Fictions ou romans autobiographiques, nouvelles, histoires pour enfants, B.D., pi\u00e8ce de th\u00e9\u00e2tre, de la plage blanche, du projet initi\u00e9 \u00e0 celui \u00e0 conclure, nous ne pouvions r\u00eaver plus belle diversit\u00e9.<\/p>\n\n\n\n<p>Un immense bravo aux auteurs, un grand merci aux lecteurs du club de lecture et une ovation pour notre marraine, <a href=\"https:\/\/nathaliedebroc.fr\/\">Nathalie De Broc<\/a> !<\/p>\n\n\n\n<div style=\"height:64px\" aria-hidden=\"true\" class=\"wp-block-spacer wp-container-content-d25f37ba\"><\/div>\n<\/div>\n\n\n\n<p><\/p>\n\n\n\n<div class=\"wp-block-group alignfull has-raft-fg-background-color has-background is-layout-constrained wp-block-group-is-layout-constrained\">\n<p><\/p>\n\n\n\n<div style=\"height:35px\" aria-hidden=\"true\" class=\"wp-block-spacer\"><\/div>\n\n\n\n<h2 class=\"wp-block-heading alignwide has-raft-bg-color has-text-color has-link-color wp-elements-906e13b74fa707622fbe3deb54d301d7\">Nathalie De Broc, notre marraine 2025<\/h2>\n\n\n\n<div class=\"wp-block-media-text has-media-on-the-right is-stacked-on-mobile\"><div class=\"wp-block-media-text__content\">\n<p><\/p>\n\n\n\n<p class=\"has-raft-bg-color has-text-color has-link-color wp-elements-5952b7e32418e85e9053a9a4c3a38a55\"><a href=\"https:\/\/nathaliedebroc.fr\/\" target=\"_blank\" rel=\"noreferrer noopener\">Nathalie De Broc<\/a><br>Ancienne journaliste radio (France-Inter) puis t\u00e9l\u00e9vision (France 3 Ouest), Nathalie de Broc se consacre depuis vingt ans \u00e0 l\u2019\u00e9criture. Elle a publi\u00e9 pr\u00e8s de 17 romans aux Presses de la Cit\u00e9, re\u00e7u le prix des \u00c9crivains Bretons pour <em>la T\u00eate en Arri\u00e8re<\/em> (\u00e9ditions Diabase) ainsi que le prix du Roman Populaire pour <em>Ces ombres sur le Fleuve. <\/em>Tout en travaillant sur des essais&nbsp;: <em>Ces Femmes qui ont fait la Bretagne<\/em>, et son \u00e9quivalent pour <em>la Normandie<\/em> aux \u00e9ditions Ouest-France.<\/p>\n\n\n\n<p class=\"has-raft-bg-color has-text-color has-link-color wp-elements-a4b71f23da477a85a14d0621eeb91e32\"><em>Cr\u00e9dit photo : Murielle le Ch\u00eane<\/em><\/p>\n\n\n\n<p>cr\u00e9dit<\/p>\n<\/div><figure class=\"wp-block-media-text__media\"><img data-opt-id=1511561468  fetchpriority=\"high\" decoding=\"async\" width=\"213\" height=\"320\" src=\"https:\/\/mlimun0ssf1v.i.optimole.com\/cb:iu9o.e3c\/w:auto\/h:auto\/q:mauto\/f:best\/http:\/\/les24hdelaplume.fr\/wp-content\/uploads\/2025\/10\/portrait-hd-4-1.jpeg\" alt=\"\" class=\"wp-image-142 size-full\" srcset=\"https:\/\/mlimun0ssf1v.i.optimole.com\/cb:iu9o.e3c\/w:213\/h:320\/q:mauto\/f:best\/https:\/\/les24hdelaplume.fr\/wp-content\/uploads\/2025\/10\/portrait-hd-4-1.jpeg 213w, https:\/\/mlimun0ssf1v.i.optimole.com\/cb:iu9o.e3c\/w:200\/h:300\/q:mauto\/f:best\/https:\/\/les24hdelaplume.fr\/wp-content\/uploads\/2025\/10\/portrait-hd-4-1.jpeg 200w\" sizes=\"(max-width: 213px) 100vw, 213px\" \/><\/figure><\/div>\n<\/div>\n\n\n\n<div style=\"height:100px\" aria-hidden=\"true\" class=\"wp-block-spacer\"><\/div>\n\n\n\n<div class=\"wp-block-group alignfull has-raft-accent-background-color has-background is-layout-constrained wp-block-group-is-layout-constrained\">\n<div style=\"height:40px\" aria-hidden=\"true\" class=\"wp-block-spacer\"><\/div>\n\n\n\n<h2 class=\"wp-block-heading alignwide has-raft-bg-color has-raft-accent-background-color has-text-color has-background has-link-color wp-elements-6bf141a1c01d85094f0a45b05f73b9b6\">Envie de d\u00e9couvrir l\u2019univers des auteurs ?<\/h2>\n\n\n\n<p class=\"has-raft-bg-color has-text-color has-link-color wp-elements-90153354b286588dbe46fc456c30cf16\">Avant de nous quitter, les auteurs nous ont fait un beau cadeau en nous livrant des extraits de leur univers. Nous sommes heureux de vous les partager.<\/p>\n\n\n\n<div style=\"height:48px\" aria-hidden=\"true\" class=\"wp-block-spacer\"><\/div>\n\n\n<iframe class=\"embed-pdf-viewer\" src=\"http:\/\/les24hdelaplume.fr\/wp-content\/uploads\/2025\/11\/Extraits-Les-Plumes-2025-version-publiable.pdf\" height=\"600\" width=\"600\" title=\"Extraits Les Plumes 2025 - version publiable\"><\/iframe>\n\n\n<div style=\"height:100px\" aria-hidden=\"true\" class=\"wp-block-spacer\"><\/div>\n<\/div>\n","protected":false},"excerpt":{"rendered":"<p>18 et 19 octobre L\u2019\u00e9dition 2025 des 24h de la Plume a r\u00e9uni 12 auteurs :Isabelle Rio, S\u00e9verine Rosaire, Jean-Pierre Langlais, Gwendoline Ecaille, Julien Laoche, C\u00e9cile Petitjean, Emilie Fran\u00e7ois, Claire Brousse, C\u00e9cile De Smet, R\u00e9jane Transon, Camille Maison et Sophie Guilloteau ont os\u00e9 relever le d\u00e9fi des 24h d\u2019\u00e9criture. Photo : Nathalie sonne le gong [&hellip;]<\/p>\n","protected":false},"author":1,"featured_media":0,"parent":0,"menu_order":0,"comment_status":"closed","ping_status":"closed","template":"","meta":{"_themeisle_gutenberg_block_has_review":false,"footnotes":""},"class_list":["post-217","page","type-page","status-publish","hentry"],"_links":{"self":[{"href":"https:\/\/les24hdelaplume.fr\/index.php\/wp-json\/wp\/v2\/pages\/217","targetHints":{"allow":["GET"]}}],"collection":[{"href":"https:\/\/les24hdelaplume.fr\/index.php\/wp-json\/wp\/v2\/pages"}],"about":[{"href":"https:\/\/les24hdelaplume.fr\/index.php\/wp-json\/wp\/v2\/types\/page"}],"author":[{"embeddable":true,"href":"https:\/\/les24hdelaplume.fr\/index.php\/wp-json\/wp\/v2\/users\/1"}],"replies":[{"embeddable":true,"href":"https:\/\/les24hdelaplume.fr\/index.php\/wp-json\/wp\/v2\/comments?post=217"}],"version-history":[{"count":16,"href":"https:\/\/les24hdelaplume.fr\/index.php\/wp-json\/wp\/v2\/pages\/217\/revisions"}],"predecessor-version":[{"id":304,"href":"https:\/\/les24hdelaplume.fr\/index.php\/wp-json\/wp\/v2\/pages\/217\/revisions\/304"}],"wp:attachment":[{"href":"https:\/\/les24hdelaplume.fr\/index.php\/wp-json\/wp\/v2\/media?parent=217"}],"curies":[{"name":"wp","href":"https:\/\/api.w.org\/{rel}","templated":true}]}}